{"id":28136,"date":"2023-10-30T02:44:39","date_gmt":"2023-10-30T00:44:39","guid":{"rendered":"https:\/\/www.thinc-israel.org\/doneer\/"},"modified":"2025-06-27T11:53:53","modified_gmt":"2025-06-27T09:53:53","slug":"doneer","status":"publish","type":"page","link":"https:\/\/thinc-israel.org\/nl\/doneer\/","title":{"rendered":"Doneer"},"content":{"rendered":"\t\t<div data-elementor-type=\"wp-page\" data-elementor-id=\"28136\" class=\"elementor elementor-28136 elementor-25826\" data-elementor-post-type=\"page\">\n\t\t\t\t\t\t<section class=\"elementor-section elementor-top-section elementor-element elementor-element-67d6df39 elementor-section-boxed elementor-section-height-default elementor-section-height-default\" data-id=\"67d6df39\" data-element_type=\"section\" data-e-type=\"section\" data-settings=\"{&quot;jet_parallax_layout_list&quot;:[]}\">\n\t\t\t\t\t\t<div class=\"elementor-container elementor-column-gap-default\">\n\t\t\t\t\t<div class=\"elementor-column elementor-col-100 elementor-top-column elementor-element elementor-element-13813c\" data-id=\"13813c\" data-element_type=\"column\" data-e-type=\"column\">\n\t\t\t<div class=\"elementor-widget-wrap elementor-element-populated\">\n\t\t\t\t\t\t<div class=\"elementor-element elementor-element-5a281292 elementor-widget elementor-widget-text-editor\" data-id=\"5a281292\" data-element_type=\"widget\" data-e-type=\"widget\" data-widget_type=\"text-editor.default\">\n\t\t\t\t<div class=\"elementor-widget-container\">\n\t\t\t\t\t\t\t\t\t<h1 class=\"wp-block-heading\">Vrienden van thinc. <br \/>Geven<\/h1><p>Geven kan via het donatieformulier of door overschrijving naar:<\/p><p><strong><em>Het Haags initiatief voor internationale samenwerking<\/em><\/strong><strong><u><br \/><\/u><\/strong>Bankrekening (IBAN) NL15 INGB 0007 8215 39.<br \/>BIC (Swift code): INGBNL2A<\/p><p><strong><u>ALLE<\/u><\/strong> fondsen worden 100% overgemaakt ter ondersteuning van onze missie en visie.<\/p><p><em><br \/>thinc. is een geregistreerdeAlgemeen Nut BeogendeInstelling (<a href=\"https:\/\/www.dropbox.com\/s\/8tb5ksv26yoetu9\/ANBI_Formulier.pdf?dl=0\" target=\"_blank\" rel=\"noreferrer noopener nofollow\">ANBI<\/a>) in Nederland (Fiscaal nr. 85761112 &#8211; KVK\/Kamer van Koophandel nr. 68530084). <\/em><em>Fiscaal aftrekbare donaties in Nederland kunnen worden gedaan via het f<\/em><em>orm op onze website en via <a href=\"https:\/\/www.givtapp.net\/download?code=NjFmN2VkMDE0ZTRjMTAyMmQwMDMuYzAwMDAwMDAwMDAx\" target=\"_blank\" rel=\"noreferrer noopener nofollow\">Givt<\/a>.<\/em><\/p><p><strong>Fiscaal aftrekbare donaties aan <em>thinc<\/em>. in de VS kunnen worden overgemaakt naar The Justice Foundation, klik <a href=\"https:\/\/pushpay.com\/g\/thejusticefoundation\" target=\"_blank\" rel=\"noreferrer noopener nofollow\">hier<\/a><\/strong><\/p><p><strong>Fiscaal aftrekbare donaties aan <em>thinc<\/em>. in Australi\u00eb kunnen worden overgemaakt aan Christenen voor Isra\u00ebl Australi\u00eb, klik <a href=\"https:\/\/myaccount.c4israel.com.au\/shop\" target=\"_blank\" rel=\"noreferrer noopener nofollow\">hier<\/a><\/strong><\/p>\t\t\t\t\t\t\t\t<\/div>\n\t\t\t\t<\/div>\n\t\t\t\t\t<\/div>\n\t\t<\/div>\n\t\t\t\t\t<\/div>\n\t\t<\/section>\n\t\t<div class=\"elementor-element elementor-element-45a8850 e-flex e-con-boxed e-con e-parent\" data-id=\"45a8850\" data-element_type=\"container\" data-e-type=\"container\" data-settings=\"{&quot;jet_parallax_layout_list&quot;:[]}\">\n\t\t\t\t\t<div class=\"e-con-inner\">\n\t\t\t\t<div class=\"elementor-element elementor-element-ed1130d elementor-widget elementor-widget-button\" data-id=\"ed1130d\" data-element_type=\"widget\" data-e-type=\"widget\" data-widget_type=\"button.default\">\n\t\t\t\t<div class=\"elementor-widget-container\">\n\t\t\t\t\t\t\t\t\t<div class=\"elementor-button-wrapper\">\n\t\t\t\t\t<a class=\"elementor-button elementor-button-link elementor-size-sm\" href=\"https:\/\/thinc-israel.org\/donation\/\">\n\t\t\t\t\t\t<span class=\"elementor-button-content-wrapper\">\n\t\t\t\t\t\t\t\t\t<span class=\"elementor-button-text\">Word een vriend of sponsor<\/span>\n\t\t\t\t\t<\/span>\n\t\t\t\t\t<\/a>\n\t\t\t\t<\/div>\n\t\t\t\t\t\t\t\t<\/div>\n\t\t\t\t<\/div>\n\t\t\t\t\t<\/div>\n\t\t\t\t<\/div>\n\t\t\t\t<\/div>\n\t\t","protected":false},"excerpt":{"rendered":"<p>Vrienden van thinc. Geven Geven kan via het donatieformulier of door overschrijving naar: Het Haags initiatief voor internationale samenwerkingBankrekening (IBAN) NL15 INGB 0007 8215 39.BIC (Swift code): INGBNL2A ALLE fondsen worden 100% overgemaakt ter ondersteuning van onze missie en visie. thinc. is een geregistreerdeAlgemeen Nut BeogendeInstelling (ANBI) in Nederland (Fiscaal nr. 85761112 &#8211; KVK\/Kamer van [&hellip;]<\/p>\n","protected":false},"author":2,"featured_media":0,"parent":0,"menu_order":0,"comment_status":"closed","ping_status":"closed","template":"templates\/donate-v2.php","meta":{"footnotes":""},"class_list":["post-28136","page","type-page","status-publish","hentry"],"_links":{"self":[{"href":"https:\/\/thinc-israel.org\/nl\/wp-json\/wp\/v2\/pages\/28136","targetHints":{"allow":["GET"]}}],"collection":[{"href":"https:\/\/thinc-israel.org\/nl\/wp-json\/wp\/v2\/pages"}],"about":[{"href":"https:\/\/thinc-israel.org\/nl\/wp-json\/wp\/v2\/types\/page"}],"author":[{"embeddable":true,"href":"https:\/\/thinc-israel.org\/nl\/wp-json\/wp\/v2\/users\/2"}],"replies":[{"embeddable":true,"href":"https:\/\/thinc-israel.org\/nl\/wp-json\/wp\/v2\/comments?post=28136"}],"version-history":[{"count":5,"href":"https:\/\/thinc-israel.org\/nl\/wp-json\/wp\/v2\/pages\/28136\/revisions"}],"predecessor-version":[{"id":31040,"href":"https:\/\/thinc-israel.org\/nl\/wp-json\/wp\/v2\/pages\/28136\/revisions\/31040"}],"wp:attachment":[{"href":"https:\/\/thinc-israel.org\/nl\/wp-json\/wp\/v2\/media?parent=28136"}],"curies":[{"name":"wp","href":"https:\/\/api.w.org\/{rel}","templated":true}]}}